{"id":12,"date":"2026-01-03T14:29:42","date_gmt":"2026-01-03T14:29:42","guid":{"rendered":"https:\/\/darkgray-wolverine-563154.hostingersite.com\/?page_id=12"},"modified":"2026-01-04T20:50:14","modified_gmt":"2026-01-04T13:50:14","slug":"lien-he","status":"publish","type":"page","link":"https:\/\/cenre.org\/en\/lien-he\/","title":{"rendered":"Contact"},"content":{"rendered":"<p>Center for Technology Applications of Natural Resources and Environment (CenRE)<\/p>\n\n\n\n<p>30 Tr\u1ea7n H\u1eefu D\u1ef1c, T\u1eeb Li\u00eam, H\u00e0 N\u1ed9i<br>Tel: (+84) 983118818<br>Email: techinvie@gmail.com<\/p>\n\n\n\n<p><\/p>\n\n\n\n<p><\/p>","protected":false},"excerpt":{"rendered":"<p>Trung t\u00e2m \u1ee8ng d\u1ee5ng c\u00f4ng ngh\u1ec7 v\u1ec1 t\u00e0i nguy\u00ean v\u00e0 m\u00f4i tr\u01b0\u1eddng (CenRE) 30 Tr\u1ea7n H\u1eefu D\u1ef1c, T\u1eeb Li\u00eam, H\u00e0 N\u1ed9iTel: (+84) 983118818Email: techinvie@gmail.com<\/p>","protected":false},"author":1,"featured_media":0,"parent":0,"menu_order":0,"comment_status":"closed","ping_status":"closed","template":"","meta":{"_kadence_starter_templates_imported_post":false,"_kad_post_transparent":"","_kad_post_title":"","_kad_post_layout":"","_kad_post_sidebar_id":"","_kad_post_content_style":"","_kad_post_vertical_padding":"","_kad_post_feature":"","_kad_post_feature_position":"","_kad_post_header":false,"_kad_post_footer":false,"_kad_post_classname":"","footnotes":""},"class_list":["post-12","page","type-page","status-publish","hentry"],"_hostinger_reach_plugin_has_subscription_block":false,"_hostinger_reach_plugin_is_elementor":false,"_links":{"self":[{"href":"https:\/\/cenre.org\/en\/wp-json\/wp\/v2\/pages\/12","targetHints":{"allow":["GET"]}}],"collection":[{"href":"https:\/\/cenre.org\/en\/wp-json\/wp\/v2\/pages"}],"about":[{"href":"https:\/\/cenre.org\/en\/wp-json\/wp\/v2\/types\/page"}],"author":[{"embeddable":true,"href":"https:\/\/cenre.org\/en\/wp-json\/wp\/v2\/users\/1"}],"replies":[{"embeddable":true,"href":"https:\/\/cenre.org\/en\/wp-json\/wp\/v2\/comments?post=12"}],"version-history":[{"count":4,"href":"https:\/\/cenre.org\/en\/wp-json\/wp\/v2\/pages\/12\/revisions"}],"predecessor-version":[{"id":114,"href":"https:\/\/cenre.org\/en\/wp-json\/wp\/v2\/pages\/12\/revisions\/114"}],"wp:attachment":[{"href":"https:\/\/cenre.org\/en\/wp-json\/wp\/v2\/media?parent=12"}],"curies":[{"name":"wp","href":"https:\/\/api.w.org\/{rel}","templated":true}]}}