{"id":15,"date":"2026-01-03T14:29:42","date_gmt":"2026-01-03T14:29:42","guid":{"rendered":"https:\/\/darkgray-wolverine-563154.hostingersite.com\/?page_id=15"},"modified":"2026-01-05T16:27:04","modified_gmt":"2026-01-05T09:27:04","slug":"nhay-cam-moi-truong","status":"publish","type":"page","link":"https:\/\/cenre.org\/en\/thu-vien\/nhay-cam-moi-truong\/","title":{"rendered":"The necessity and scientific basis for building national integrated databases of environmental sensitivity"},"content":{"rendered":"<div data-wp-interactive=\"core\/file\" class=\"wp-block-file\"><object data-wp-bind--hidden=\"!state.hasPdfPreview\" hidden class=\"wp-block-file__embed\" data=\"https:\/\/cenre.org\/wp-content\/uploads\/2026\/01\/THE-ROLE-OF-REMOTE-SENSING-IN-HIGH-TECH-AGRICULTURE.pdf\" type=\"application\/pdf\" style=\"width:100%;height:478px\" aria-label=\"Embed of Download: The role of remote sensing in high-tech agriculture.pdf (ENG).\"><\/object><a id=\"wp-block-file--media-4ed86ad0-253e-497c-bed9-53fdd642d2ce\" href=\"https:\/\/cenre.org\/wp-content\/uploads\/2026\/01\/THE-ROLE-OF-REMOTE-SENSING-IN-HIGH-TECH-AGRICULTURE.pdf\">Download: The role of remote sensing in high-tech agriculture.pdf (ENG)<\/a><\/div>\n\n\n\n<div class=\"wp-block-file\"><a id=\"wp-block-file--media-f6fee2b3-f39d-4239-8207-eb1217483d31\" href=\"https:\/\/cenre.org\/wp-content\/uploads\/2026\/01\/Nhay-Cam-Moi-Truong-1.pdf-1.pdf\">Download: Nhay Cam Moi Truong (VN).pdf<\/a><\/div>\n\n\n\n<p><\/p>\n\n\n\n<p><strong><\/strong><strong> <\/strong><strong><\/strong><strong> <\/strong><strong><\/strong><strong> <\/strong><strong><\/strong><strong> <\/strong><strong>TS Nguy\u1ec5n D\u01b0 Khang<\/strong><\/p>\n\n\n\n<p><strong><em>T\u00f3m t\u1eaft:<\/em><\/strong><\/p>\n\n\n\n<p><em>T\u00e1c \u0111\u1ed9ng manh m\u1ebd c\u1ee7a thi\u00ean tai v\u00e0 bi\u1ebfn \u0111\u1ed5i to\u00e0n c\u1ea7u c\u00f9ng nh\u1eefng h\u1ec7 l\u1ee5y c\u1ee7a qu\u00e1 tr\u00ecnh ph\u00e1t tri\u1ec3n kinh t\u1ebf x\u00e3 h\u1ed9i \u0111\u00e3 g\u00e2y n\u00ean c\u00e1c hi\u1ec3m h\u1ecda m\u00f4i tr\u01b0\u1eddng \u0111e d\u1ecda \u0111\u1eddi s\u1ed1ng x\u00e3 h\u1ed9i, t\u00ednh m\u1ea1ng v\u00e0 t\u00e0i s\u1ea3n c\u1ee7a con ng\u01b0\u1eddi. Trong t\u00ecnh h\u00ecnh \u0111\u00f3, nhu c\u1ea7u th\u00f4ng tin v\u1ec1 tr\u1ea1ng th\u00e1i m\u00f4i tr\u01b0\u1eddng l\u00e0 r\u1ea5t c\u1ea7n thi\u1ebft \u0111\u1ec3 cung c\u1ea5p c\u01a1 s\u1edf khoa h\u1ecdc, h\u1ed7 tr\u1ee3 c\u00f4ng t\u00e1c qu\u1ea3n l\u00fd v\u1ec1 ph\u00f2ng tr\u00e1nh, ng\u0103n ng\u1eeba v\u00e0 gi\u1ea3m thi\u1ec3u t\u00e1c \u0111\u1ed9ng x\u1ea5u c\u1ee7a c\u00e1c hi\u1ec3m h\u1ecda m\u00f4i tr\u01b0\u1eddng. \u0110\u1ec3 gi\u1ea3i quy\u1ebft nh\u1eefng v\u1ea5n \u0111\u1ec1 \u0111\u00f3, ch\u1ec9 s\u1ed1 nh\u1ea1y c\u1ea3m m\u00f4i tr\u01b0\u1eddng v\u00e0 ch\u1ec9 s\u1ed1 nh\u1ea1y c\u1ea3m m\u00f4i tr\u01b0\u1eddng t\u1ed5ng h\u1ee3p l\u00e0 c\u01a1 s\u1edf \u0111\u1ec3 x\u00e2y d\u1ef1ng h\u1ec7 th\u1ed1ng b\u1ea3n \u0111\u1ed3 nh\u1ea1y c\u1ea3m m\u00f4i tr\u01b0\u1eddng c\u00e1c t\u1ef7 l\u1ec7 ph\u00f9 h\u1ee3p v\u1edbi t\u1eebng \u0111\u1ecba ph\u01b0\u01a1ng b\u1eb1ng c\u00f4ng ngh\u1ec7 vi\u1ec5n th\u00e1m v\u00e0 h\u1ec7 th\u1ed1ng th\u00f4ng tin \u0111\u1ecba l\u00fd GIS. Trong \u0111\u00f3 c\u00f4ng ngh\u1ec7 vi\u1ec5n th\u00e1m \u0111\u01b0\u1ee3c \u00e1p d\u1ee5ng \u0111\u1ec3 x\u00e2y d\u1ef1ng b\u1ed9 b\u1ea3n \u0111\u1ed3 sinh th\u00e1i \u1ee9ng d\u1ee5ng t\u1eeb t\u01b0 li\u1ec7u \u1ea3nh vi\u1ec5n th\u00e1m. C\u00f4ng ngh\u1ec7 h\u1ec7 th\u1ed1ng th\u00f4ng tin \u0111\u1ecba l\u00fd (GIS) nh\u1eb1m x\u00e2y d\u1ef1ng c\u00e1c b\u1ed9 b\u1ea3n \u0111\u1ed3 v\u00e0 c\u01a1 s\u1edf d\u1eef li\u1ec7u chu\u1ea9n v\u1ec1 m\u00f4i tr\u01b0\u1eddng v\u1edbi s\u1ef1 tham gia c\u1ee7a c\u00e1c chuy\u00ean gia m\u00f4i tr\u01b0\u1eddng, \u00e1p d\u1ee5ng ph\u01b0\u01a1ng ph\u00e1p c\u00e2y ph\u00e2n t\u00edch h\u1ec7 th\u1ed1ng AHP. Th\u00e0nh qu\u1ea3 thu \u0111\u01b0\u1ee3c l\u00e0 c\u01a1 s\u1edf d\u1eef li\u1ec7u nh\u1ea1y c\u1ea3m m\u00f4i tr\u01b0\u1eddng t\u1ed5ng h\u1ee3p to\u00e0n qu\u1ed1c s\u1ebd g\u00f3p ph\u1ea7n ph\u1ee5c v\u1ee5 c\u00f4ng t\u00e1c nh\u00e0 n\u01b0\u1edbc v\u1ec1 qu\u1ea3n l\u00fd m\u00f4i tr\u01b0\u1eddng, gi\u00fap ph\u00f2ng tr\u00e1nh, ng\u0103n ng\u1eeba v\u00e0 gi\u1ea3m thi\u1ec3u t\u00e1c \u0111\u1ed9ng x\u1ea5u c\u1ee7a c\u00e1c hi\u1ec3m h\u1ecda m\u00f4i tr\u01b0\u1eddng, \u0111\u1ea3m b\u1ea3o ph\u00e1t tri\u1ec3n kinh t\u1ebf, x\u00e3 h\u1ed9i v\u00e0 m\u00f4i tr\u01b0\u1eddng theo h\u01b0\u1edbng b\u1ec1n v\u1eefng h\u01a1n trong t\u01b0\u01a1ng lai.<\/em><\/p>\n\n\n\n<p><strong><em>T\u1eeb kho\u00e1: <\/em><\/strong><em>Ch\u1ec9 s\u1ed1 nh\u1ea1y c\u1ea3m m\u00f4i tr\u01b0\u1eddng, ch\u1ec9 s\u1ed1 nh\u1ea1y c\u1ea3m m\u00f4i tr\u01b0\u1eddng t\u1ed5ng h\u1ee3p, c\u00e2y ph\u00e2n t\u00edch h\u1ec7 th\u1ed1ng (AHP)..<\/em><\/p>\n\n\n\n<p><strong>1. S\u1ef0 C\u1ea6N THI\u1ebeT<\/strong><\/p>\n\n\n\n<p>M\u1ee5c \u0111\u00edch c\u1ee7a vi\u1ec7c x\u00e2y d\u1ef1ng c\u01a1 s\u1edf d\u1eef li\u1ec7u nh\u1ea1y c\u1ea3m m\u00f4i tr\u01b0\u1eddng to\u00e0n qu\u1ed1c l\u00e0 ph\u1ee5c v\u1ee5 ph\u00e1t tri\u1ec3n b\u1ec1n v\u1eefng kinh t\u1ebf &#8211; x\u00e3 h\u1ed9i v\u00e0 m\u00f4i tr\u01b0\u1eddng c\u1ee7a n\u01b0\u1edbc ta. Hi\u1ec7n nay, v\u1ea5n \u0111\u1ec1 ph\u00e1t tri\u1ec3n b\u1ec1n v\u1eefng \u0111\u00e3 tr\u1edf th\u00e0nh kim ch\u1ec9 nam cho nhi\u1ec1u qu\u1ed1c gia kh\u00f4ng ph\u00e2n bi\u1ec7t m\u1ee9c \u0111\u1ed9 ph\u00e1t tri\u1ec3n. Ph\u00e1t tri\u1ec3n b\u1ec1n v\u1eefng c\u00f3 th\u1ec3 hi\u1ec3u l\u00e0 \u201cC\u1ea3i thi\u1ec7n ch\u1ea5t l\u01b0\u1ee3ng s\u1ed1ng c\u1ee7a con ng\u01b0\u1eddi trong khi \u0111ang s\u1ed1ng trong ph\u1ea1m vi kh\u1ea3 n\u0103ng cung c\u1ea5p c\u1ee7a c\u00e1c h\u1ec7 sinh th\u00e1i\u201d.&nbsp;<\/p>\n\n\n\n<p>B\u00ean c\u1ea1nh t\u00e1c \u0111\u1ed9ng m\u1ea1nh m\u1ebd c\u1ee7a thi\u00ean tai v\u00e0 bi\u1ebfn \u0111\u1ed5i kh\u00ed h\u1eadu to\u00e0n c\u1ea7u, qu\u00e1 tr\u00ecnh ph\u00e1t tri\u1ec3n kinh t\u1ebf x\u00e3 h\u1ed9i k\u00e9o theo nhi\u1ec1u h\u1ec7 lu\u1ef5 \u0111\u1ebfn m\u00f4i tr\u01b0\u1eddng sinh th\u00e1i. Ph\u1ea3i k\u1ec3 \u0111\u1ebfn m\u1ed9t s\u1ed1 hi\u1ec3m ho\u1ea1 nh\u01b0: \u0110\u1ed9ng \u0111\u1ea5t; Tr\u01b0\u1ee3t l\u1edf \u0111\u1ea5t \u0111\u00e1, x\u00f3i m\u00f2n; L\u0169 l\u1ee5t, l\u0169 qu\u00e9t; X\u00e2m nh\u1eadp m\u1eb7n; H\u1ea1n h\u00e1n, thi\u1ebfu n\u01b0\u1edbc; \u00d4 nhi\u1ec5m m\u00f4i tr\u01b0\u1eddng n\u01b0\u1edbc; \u00d4 nhi\u1ec5m m\u00f4i tr\u01b0\u1eddng \u0111\u1ea5t; \u00d4 nhi\u1ec5m kh\u00f4ng kh\u00ed; \u00d4 nhi\u1ec5m c\u00f4ng nghi\u1ec7p, ho\u00e1 ch\u1ea5t; Tr\u00e0n d\u1ea7u, Nguy c\u01a1 v\u1ee1 \u0111\u00ea, k\u00e8, \u0111\u1eadp n\u01b0\u1edbc; Ch\u1eb7t ph\u00e1 r\u1eebng, ch\u00e1y r\u1eebng; v.v.<\/p>\n\n\n\n<p>\u0110\u1ec3 c\u00f3 c\u01a1 s\u1edf khoa h\u1ecdc gi\u00fap cho c\u00f4ng t\u00e1c qu\u1ea3n l\u00fd nh\u00e0 n\u01b0\u1edbc v\u1ec1 ph\u00f2ng tr\u00e1nh, ng\u0103n ng\u1eeba v\u00e0 gi\u1ea3m thi\u1ec3u nh\u1eefng t\u00e1c \u0111\u1ed9ng x\u1ea5u c\u1ee7a nh\u1eefng hi\u1ec3m ho\u1ea1 tr\u00ean \u0111\u1ebfn \u0111\u1eddi s\u1ed1ng x\u00e3 h\u1ed9i, t\u00ednh m\u1ea1ng v\u00e0 t\u00e0i s\u1ea3n c\u1ee7a con ng\u01b0\u1eddi, c\u0169ng nh\u01b0 b\u1ea3o \u0111\u1ea3m cho vi\u1ec7c ph\u00e1t tri\u1ec3n kinh t\u1ebf, x\u00e3 h\u1ed9i v\u00e0 m\u00f4i tr\u01b0\u1eddng b\u1ec1n v\u1eefng, c\u1ea7n ph\u1ea3i c\u00f3 nh\u1eefng th\u00f4ng tin v\u1ec1 tr\u1ea1ng th\u00e1i m\u00f4i tr\u01b0\u1eddng v\u00e0 di\u1ec5n d\u1ecbch ch\u00fang th\u00e0nh d\u1ea1ng d\u1ec5 hi\u1ec3u \u0111\u1ec3 th\u00f4ng tin cho c\u00e1c c\u1ea5p l\u00e3nh \u0111\u1ea1o xem x\u00e9t ra quy\u1ebft \u0111\u1ecbnh. Ch\u1ec9 s\u1ed1 nh\u1ea1y c\u1ea3m m\u00f4i tr\u01b0\u1eddng (sensitivity index) \u0111\u1ed1i v\u1edbi m\u1ed9t h\u1ee3p ph\u1ea7n m\u00f4i tr\u01b0\u1eddng v\u00e0 Ch\u1ec9 s\u1ed1 nh\u1ea1y c\u1ea3m m\u00f4i tr\u01b0\u1eddng t\u1ed5ng h\u1ee3p (Synthesis sensitivity index) \u0111\u1ed1i v\u1edbi \u0111\u1ed3ng th\u1eddi nhi\u1ec1u h\u1ee3p ph\u1ea7n m\u00f4i tr\u01b0\u1eddng t\u00e1c \u0111\u1ed9ng \u0111\u1ebfn c\u00e1c y\u1ebfu t\u1ed1 b\u1ecb \u1ea3nh h\u01b0\u1edfng, l\u00e0 c\u01a1 s\u1edf th\u00f4ng tin \u0111\u1ec3 gi\u1ea3i quy\u1ebft nh\u1eefng v\u1ea5n \u0111\u1ec1 n\u00eau tr\u00ean.<\/p>\n\n\n\n<p>C\u01a1 s\u1edf d\u1eef li\u1ec7u nh\u1ea1y c\u1ea3m m\u00f4i tr\u01b0\u1eddng t\u1ed5ng h\u1ee3p to\u00e0n qu\u1ed1c \u0111\u01b0\u1ee3c x\u00e2y d\u1ef1ng tr\u00ean c\u01a1 s\u1edf chu\u1ea9n ho\u00e1 h\u1ec7 th\u1ed1ng b\u1ea3n \u0111\u1ed3 nh\u1ea1y c\u1ea3m m\u00f4i tr\u01b0\u1eddng v\u1edbi c\u00e1c t\u1ef7 l\u1ec7 \u0111\u01b0\u1ee3c thi\u1ebft k\u1ebf ph\u00f9 h\u1ee3p v\u1edbi t\u1eebng v\u00f9ng, t\u1eebng khu v\u1ef1c ho\u1eb7c t\u1eebng \u0111\u1ecba ph\u01b0\u01a1ng.<\/p>\n\n\n\n<p>H\u1ec7 th\u1ed1ng b\u1ea3n \u0111\u1ed3 nh\u1ea1y c\u1ea3m m\u00f4i tr\u01b0\u1eddng \u0111\u01b0\u1ee3c x\u00e2y d\u1ef1ng tr\u00ean c\u01a1 s\u1edf b\u1ed9 b\u1ea3n \u0111\u1ed3 n\u1ec1n chuy\u00ean \u0111\u1ec1 c\u00f3 n\u1ed9i dung l\u00e0 c\u00e1c \u0111\u01a1n v\u1ecb sinh th\u00e1i c\u1ee7a c\u00e1c \u0111\u1ed1i t\u01b0\u1ee3ng t\u1ef1 nhi\u00ean v\u00e0 nh\u00e2n t\u1ea1o \u0111\u01b0\u1ee3c bi\u1ec3u th\u1ecb b\u1eb1ng c\u00e1c gam m\u00e0u, d\u1ef1a tr\u00ean c\u00e1c th\u00f4ng tin thu\u1ed9c t\u00ednh th\u1ec3 hi\u1ec7n c\u00e1c m\u1ee9c c\u1ee7a ch\u1ec9 s\u1ed1 nh\u1ea1y c\u1ea3m m\u00f4i tr\u01b0\u1eddng. Th\u00f4ng th\u01b0\u1eddng c\u00e1c m\u1ee9c nh\u1ea1y c\u1ea3m m\u00f4i tr\u01b0\u1eddng \u0111\u01b0\u1ee3c chi th\u00e0nh 05 m\u1ee9c: nh\u1ea1y c\u1ea3m r\u1ea5t th\u1ea5p, nh\u1ea1y c\u1ea3m th\u1ea5p, nh\u1ea1y c\u1ea3m trung b\u00ecnh, nh\u1ea1y c\u1ea3m cao v\u00e0 nh\u1ea1y c\u1ea3m r\u1ea5t cao.<\/p>\n\n\n\n<p>Xu\u1ea5t ph\u00e1t t\u1eeb nhu c\u1ea7u th\u1ef1c t\u1ebf v\u00e0 kh\u1ea3 n\u0103ng gi\u1ea3i quy\u1ebft m\u1ed9t c\u00e1ch khoa h\u1ecdc nh\u1eefng v\u1ea5n \u0111\u1ec1 b\u1ee9c x\u00fac v\u1ec1 m\u00f4i tr\u01b0\u1eddng hi\u1ec7n nay, vi\u1ec7c x\u00e2y d\u1ef1ng m\u1ed9t c\u01a1 s\u1edf d\u1eef li\u1ec7u nh\u1ea1y c\u1ea3m m\u00f4i tr\u01b0\u1eddng t\u1ed5ng h\u1ee3p cho to\u00e0n qu\u1ed1c l\u00e0 c\u1ea7n thi\u1ebft.<\/p>\n\n\n\n<p><strong>2. GI\u1ea2I PH\u00c1P K\u1ef8 THU\u1eacT V\u00c0 C\u00d4NG NGH\u1ec6<\/strong><\/p>\n\n\n\n<p>Gi\u1ea3i ph\u00e1p k\u1ef9 thu\u1eadt v\u00e0 c\u00f4ng ngh\u1ec7 ch\u1ee7 y\u1ebfu \u0111\u1ec3 vi\u1ec7c x\u00e2y d\u1ef1ng c\u01a1 s\u1edf d\u1eef li\u1ec7u nh\u1ea1y c\u1ea3m m\u00f4i tr\u01b0\u1eddng t\u1ed5ng h\u1ee3p l\u00e0 c\u00f4ng ngh\u1ec7 vi\u1ec5n th\u00e1m v\u00e0 h\u1ec7 th\u1ed1ng th\u00f4ng tin \u0111\u1ecba l\u00fd (GIS).<\/p>\n\n\n\n<p>1) C<em>\u00f4ng ngh\u1ec7 vi\u1ec5n th\u00e1m<\/em> \u0111\u01b0\u1ee3c \u00e1p d\u1ee5ng \u0111\u1ec3 x\u00e2y d\u1ef1ng c\u00e1c b\u1ed9 b\u1ea3n \u0111\u1ed3 sinh th\u00e1i b\u1eb1ng t\u01b0 li\u1ec7u \u1ea3nh vi\u1ec5n th\u00e1m, g\u1ed3m c\u00f4ng t\u00e1c n\u1ed9i nghi\u1ec7p v\u00e0 ngo\u1ea1i nghi\u1ec7p.<\/p>\n\n\n\n<p>a. C\u00f4ng t\u00e1c n\u1ed9i nghi\u1ec7p: Th\u1ef1c hi\u1ec7n theo theo quy tr\u00ecnh c\u00f4ng ngh\u1ec7 th\u00e0nh l\u1eadp b\u1ea3n \u0111\u1ed3 chuy\u00ean \u0111\u1ec1 b\u1eb1ng c\u00f4ng ngh\u1ec7 vi\u1ec5n th\u00e1m v\u1edbi n\u1ed9i dung \u0111\u01b0\u1ee3c ph\u00e2n th\u00e0nh c\u00e1c nh\u00f3m, c\u00e1c l\u1edbp v\u00e0 c\u00e1c \u0111\u1ed1i t\u01b0\u1ee3ng \u0111\u1ed9c l\u1eadp (c\u00e1c \u0111\u01a1n v\u1ecb \u0111\u1ed3ng nh\u1ea5t v\u1ec1 nh\u1ea1y c\u1ea3m m\u00f4i tr\u01b0\u1eddng) thu\u1ed9c c\u00e1c l\u1edbp. C\u00e1c \u0111\u1ed1i t\u01b0\u1ee3ng c\u00f3 th\u1ec3 l\u00e0 khoanh vi, d\u1ea1ng \u0111\u01b0\u1eddng ho\u1eb7c d\u1ea1ng \u0111i\u1ec3m.<\/p>\n\n\n\n<p>\u0110\u1ed1i v\u1edbi n\u1ed9i dung b\u1ea3n \u0111\u1ed3 chuy\u00ean \u0111\u1ec1 sinh th\u00e1i c\u00f3 th\u1ec3 ph\u00e2n lo\u1ea1i nh\u01b0 sau:<\/p>\n\n\n\n\n\n<figure class=\"wp-block-image size-full\"><img loading=\"lazy\" decoding=\"async\" width=\"491\" height=\"892\" src=\"https:\/\/cenre.org\/wp-content\/uploads\/2026\/01\/table.png\" alt=\"\" class=\"wp-image-46\" srcset=\"https:\/\/cenre.org\/wp-content\/uploads\/2026\/01\/table.png 491w, https:\/\/cenre.org\/wp-content\/uploads\/2026\/01\/table-165x300.png 165w, https:\/\/cenre.org\/wp-content\/uploads\/2026\/01\/table-7x12.png 7w\" sizes=\"auto, (max-width: 491px) 100vw, 491px\" \/><\/figure>\n\n\n\n<p>D\u1ef1a v\u00e0o \u0111\u1eb7c \u0111i\u1ec3m khu v\u1ef1c tri\u1ec3n khai, c\u00f3 th\u1ec3 l\u01b0\u1ee3c b\u1ecf ho\u1eb7c b\u1ed5 sung th\u00eam s\u1ed1 nh\u00f3m v\u00e0 s\u1ed1 l\u1edbp sinh th\u00e1i c\u1ee7a c\u00e1c n\u1ed9i dung tr\u00ean.<\/p>\n\n\n\n<p>D\u1ef1a v\u00e0o \u0111\u1eb7c \u0111i\u1ec3m khu v\u1ef1c tri\u1ec3n khai, c\u00f3 th\u1ec3 l\u01b0\u1ee3c b\u1ecf ho\u1eb7c b\u1ed5 sung th\u00eam s\u1ed1 nh\u00f3m v\u00e0 s\u1ed1 l\u1edbp sinh th\u00e1i c\u1ee7a c\u00e1c n\u1ed9i dung tr\u00ean.<\/p>\n\n\n\n<p>b. C\u00f4ng t\u00e1c ngo\u1ea1i nghi\u1ec7p: bao g\u1ed3m \u0111i\u1ec1u v\u1ebd b\u1ed5 sung ngo\u1ea1i nghi\u1ec7p trong quy tr\u00ecnh c\u00f4ng ngh\u1ec7 th\u00e0nh l\u1eadp b\u1ea3n \u0111\u1ed3 chuy\u00ean \u0111\u1ec1 b\u1eb1ng c\u00f4ng ngh\u1ec7 vi\u1ec5n th\u00e1m, k\u1ebft h\u1ee3p c\u00f4ng t\u00e1c thu th\u1eadp th\u00f4ng tin, t\u01b0 li\u1ec7u li\u00ean quan \u0111\u1ebfn m\u00f4i tr\u01b0\u1eddng.<\/p>\n\n\n\n<p>Thu th\u1eadp th\u00f4ng tin, t\u01b0 li\u1ec7u bao g\u1ed3m x\u00e1c \u0111\u1ecbnh c\u00e1c y\u1ebfu t\u1ed1 m\u00f4i tr\u01b0\u1eddng th\u00e0nh ph\u1ea7n \u0111\u00e3 x\u1ea3y ra trong qu\u00e1 kh\u1ee9, \u0111ang x\u1ea3y ra trong hi\u1ec7n t\u1ea1i, ho\u1eb7c c\u00f3 th\u1ec3 x\u1ea3y ra trong t\u01b0\u01a1ng lai \u1ea3nh h\u01b0\u1edfng \u0111\u1ebfn c\u00e1c h\u1ec7 sinh th\u00e1i.<\/p>\n\n\n\n<p>C\u00e1c y\u1ebfu t\u1ed1 m\u00f4i tr\u01b0\u1eddng th\u00e0nh ph\u1ea7n bao g\u1ed3m trong c\u1ea3 ba l\u0129nh v\u1ef1c ch\u00ednh c\u1ee7a t\u1ef1 nhi\u00ean l\u00e0 m\u00f4i tr\u01b0\u1eddng kh\u00f4ng kh\u00ed, m\u00f4i tr\u01b0\u1eddng \u0111\u1ea5t v\u00e0 m\u00f4i tr\u01b0\u1eddng n\u01b0\u1edbc, ngo\u00e0i ra, c\u00f2n c\u00e1c hi\u1ec3m ho\u1ea1 m\u00f4i tr\u01b0\u1eddng kh\u00e1c do thi\u00ean tai, bi\u1ebfn \u0111\u1ed5i kh\u00ed h\u1eadu v\u00e0 \u00f4 nhi\u1ec5m m\u00f4i tr\u01b0\u1eddng do con ng\u01b0\u1eddi g\u00e2y ra cho c\u00e1c h\u1ec7 sinh th\u00e1i.&nbsp;&nbsp;&nbsp;<\/p>\n\n\n\n<p>2) <em>\u00c1p d\u1ee5ng c\u00f4ng ngh\u1ec7 h\u1ec7 th\u1ed1ng th\u00f4ng tin \u0111\u1ecba l\u00fd <\/em>(GIS) nh\u1eb1m x\u00e2y d\u1ef1ng c\u00e1c b\u1ed9 b\u1ea3n \u0111\u1ed3&nbsp; v\u00e0 c\u01a1 s\u1edf d\u1eef li\u1ec7u chu\u1ea9n v\u1ec1 nh\u1ea1y c\u1ea3m m\u00f4i tr\u01b0\u1eddng. \u1ede \u0111\u00e2y ph\u00e1t huy vai tr\u00f2 c\u1ee7a c\u00e1c chuy\u00ean gia v\u1ec1 m\u00f4i tr\u01b0\u1eddng v\u00e0 c\u00f3 c\u00e1c ki\u1ebfn th\u1ee9c t\u1ed5ng h\u1ee3p kh\u00e1c.<\/p>\n\n\n\n<p>S\u1eed d\u1ee5ng ph\u01b0\u01a1ng ph\u00e1p c\u00e2y ph\u00e2n t\u00edch h\u1ec7 th\u1ed1ng (AHP), c\u00f3 s\u01a1 \u0111\u1ed3 nh\u01b0 sau:<\/p>\n\n\n\n<figure class=\"wp-block-image size-full\"><img loading=\"lazy\" decoding=\"async\" width=\"790\" height=\"501\" src=\"https:\/\/cenre.org\/wp-content\/uploads\/2026\/01\/sodo.png\" alt=\"\" class=\"wp-image-47\" srcset=\"https:\/\/cenre.org\/wp-content\/uploads\/2026\/01\/sodo.png 790w, https:\/\/cenre.org\/wp-content\/uploads\/2026\/01\/sodo-300x190.png 300w, https:\/\/cenre.org\/wp-content\/uploads\/2026\/01\/sodo-768x487.png 768w, https:\/\/cenre.org\/wp-content\/uploads\/2026\/01\/sodo-18x12.png 18w\" sizes=\"auto, (max-width: 790px) 100vw, 790px\" \/><\/figure>\n\n\n\n<p>\u1ede \u0111\u00e2y, m l\u00e0 s\u1ed1 h\u1ee3p ph\u1ea7n m\u00f4i tr\u01b0\u1eddng \u0111\u01b0a v\u00e0o \u0111\u00e1nh gi\u00e1, M<sub>j<\/sub> l\u00e0 h\u1ee3p ph\u1ea7n m\u00f4i tr\u01b0\u1eddng th\u1ee9 j (j=1 \u00f7 m). <em>C\u00e1c h\u1ee3p ph\u1ea7n m\u00f4i tr\u01b0\u1eddng c\u00f3 th\u1ec3 l\u00e0: \u0110\u1ed9ng \u0111\u1ea5t; Tr\u01b0\u1ee3t l\u1edf \u0111\u1ea5t; L\u0169 l\u1ee5t, l\u0169 qu\u00e9t; X\u00e2m nh\u1eadp m\u1eb7n; H\u1ea1n h\u00e1n, thi\u1ebfu n\u01b0\u1edbc; \u00d4 nhi\u1ec5m m\u00f4i tr\u01b0\u1eddng n\u01b0\u1edbc; \u00d4 nhi\u1ec5m m\u00f4i tr\u01b0\u1eddng \u0111\u1ea5t; \u00d4 nhi\u1ec5m kh\u00f4ng kh\u00ed; \u00d4 nhi\u1ec5m c\u00f4ng nghi\u1ec7p, ho\u00e1 ch\u1ea5t; \u00d4 nhi\u1ec5m do khai th\u00e1c, ch\u1ebf bi\u1ebfn kho\u00e1ng s\u1ea3n; Tr\u00e0n d\u1ea7u; N\u01b0\u1edbc bi\u1ec3n d\u00e2ng; Nguy c\u01a1 v\u1ee1 \u0111\u00ea, k\u00e8, \u0111\u1eadp n\u01b0\u1edbc; Ch\u1eb7t ph\u00e1 r\u1eebng, ch\u00e1y r\u1eebng; v.v.<\/em><\/p>\n\n\n\n<p>n l\u00e0 s\u1ed1 nh\u00f3m sinh th\u00e1i, N<sub>i<\/sub> l\u00e0 nh\u00f3m sinh th\u00e1i th\u1ee9 i (i=1 \u00f7 n). <em>V\u00ed d\u1ee5: N<\/em><em><sub>1<\/sub><\/em><em> l\u00e0 nh\u00f3m sinh th\u00e1i c\u00e2y tr\u1ed3ng h\u00e0ng n\u0103m.<\/em><\/p>\n\n\n\n<p>ls(i) l\u00e0 s\u1ed1 l\u1edbp sinh th\u00e1i trong nh\u00f3m sinh th\u00e1i N<sub>i<\/sub> (i=1 \u00f7 n), L<sub>li<\/sub> l\u00e0 l\u1edbp sinh th\u00e1i th\u1ee9 l (l=1 \u00f7 ls(i)) trong nh\u00f3m sinh th\u00e1i N<sub>i<\/sub>. <em>V\u00ed d\u1ee5: L<\/em><em><sub>11<\/sub><\/em><em> l\u00e0 l\u1edbp sinh th\u00e1i v\u00f9ng chuy\u00ean tr\u1ed3ng l\u00faa trong nh\u00f3m sinh th\u00e1i c\u00e2y tr\u1ed3ng h\u00e0ng n\u0103m.<\/em><\/p>\n\n\n\n<p>ks(l,i) l\u00e0 s\u1ed1 \u0111\u01a1n v\u1ecb sinh th\u00e1i trong l\u1edbp sinh th\u00e1i L<sub>li<\/sub> (l=1 \u00f7 ls(i)) c\u1ee7a nh\u00f3m sinh th\u00e1i N<sub>i<\/sub> (i=1 \u00f7 n), K<sub>kli<\/sub> (k=1 \u00f7 ks(l,i)) l\u00e0 \u0111\u01a1n v\u1ecb sinh th\u00e1i th\u1ee9 k trong l\u1edbp sinh th\u00e1i L<sub>li<\/sub> c\u1ee7a nh\u00f3m sinh th\u00e1i N<sub>i<\/sub>. V<em>\u00ed d\u1ee5: K<\/em><em><sub>111<\/sub><\/em><em> l\u00e0 \u0111\u01a1n v\u1ecb th\u1ee9 nh\u1ea5t trong l\u1edbp sinh th\u00e1i v\u00f9ng chuy\u00ean tr\u1ed3ng l\u00faa c\u1ee7a nh\u00f3m sinh th\u00e1i c\u00e2y tr\u1ed3ng h\u00e0ng n\u0103m<\/em>.<\/p>\n\n\n\n<p>K\u1ebft qu\u1ea3 th\u1ef1c hi\u1ec7n AHP c\u00f3 ki\u1ec3m ch\u1ee9ng b\u1eb1ng ch\u1ec9 s\u1ed1 nh\u1ea5t qu\u00e1n ng\u1eabu nhi\u00ean, thu \u0111\u01b0\u1ee3c : Tr\u1ecdng s\u1ed1 W<sub>ij <\/sub>c\u1ee7a nh\u00f3m sinh th\u00e1i N<sub>i<\/sub> d\u01b0\u1edbi t\u00e1c \u0111\u1ed9ng c\u1ee7a h\u1ee3p ph\u1ea7n m\u00f4i tr\u01b0\u1eddng M<sub>j<\/sub>; <sup>&nbsp;<\/sup>Tr\u1ecdng s\u1ed1 w<sub>lij <\/sub>&nbsp;c\u1ee7a l\u1edbp sinh th\u00e1i L<sub>li<\/sub> trong nh\u00f3m sinh th\u00e1i N<sub>i<\/sub> d\u01b0\u1edbi t\u00e1c \u0111\u1ed9ng c\u1ee7a h\u1ee3p ph\u1ea7n m\u00f4i tr\u01b0\u1eddng M<sub>j<\/sub> v\u00e0 tr\u1ecdng s\u1ed1 \u1e85<sub>klij <\/sub>&nbsp;c\u1ee7a \u0111\u01a1n v\u1ecb sinh th\u00e1i K<sub>kli<\/sub> thu\u1ed9c l\u1edbp sinh th\u00e1i L<sub>li<\/sub> trong nh\u00f3m sinh th\u00e1i N<sub>i<\/sub> d\u01b0\u1edbi t\u00e1c \u0111\u1ed9ng c\u1ee7a h\u1ee3p ph\u1ea7n m\u00f4i tr\u01b0\u1eddng M<sub>j<\/sub>.<\/p>\n\n\n\n<p>T\u00edch h\u1ee3p c\u00e1c s\u1ed1 li\u1ec7u, x\u00e1c \u0111\u1ecbnh ch\u1ec9 s\u1ed1 nh\u1ea1y c\u1ea3m m\u00f4i tr\u01b0\u1eddng SI<sub>klij<\/sub> c\u1ee7a c\u00e1c \u0111\u01a1n v\u1ecb sinh th\u00e1i d\u01b0\u1edbi t\u00e1c \u0111\u1ed9ng t\u1eebng h\u1ee3p ph\u1ea7n m\u00f4i tr\u01b0\u1eddng theo c\u00f4ng th\u1ee9c:<\/p>\n\n\n\n<p>&nbsp;&nbsp;&nbsp;SI<sub>klij<\/sub> = S<sub>klij<\/sub> x h<sub>1<\/sub> , (1)<\/p>\n\n\n\n<p>trong \u0111\u00f3:<\/p>\n\n\n\n<p>&nbsp;&nbsp;&nbsp;&nbsp;&nbsp;&nbsp;&nbsp;&nbsp;&nbsp;S<sub>klij<\/sub> = W<sub>ij<\/sub> x w<sub>lij<\/sub> x \u1e85<sub>klij<\/sub> &nbsp; &nbsp; &nbsp; &nbsp; &nbsp; &nbsp; &nbsp; &nbsp; &nbsp; &nbsp; &nbsp; &nbsp; &nbsp; &nbsp; (2)<\/p>\n\n\n\n<p>h<sub>1<\/sub> l\u00e0 h\u1ec7 s\u1ed1, l\u1ef1a ch\u1ecdn sao cho max(SI<sub>klij<\/sub>) c\u00f3 gi\u00e1 tr\u1ecb b\u1eb1ng 9.<\/p>\n\n\n\n<p>Ch\u1ec9 s\u1ed1 nh\u1ea1y c\u1ea3m m\u00f4i tr\u01b0\u1eddng t\u1ed5ng h\u1ee3p c\u1ee7a c\u00e1c \u0111\u01a1n v\u1ecb sinh th\u00e1i d\u01b0\u1edbi t\u00e1c \u0111\u1ed9ng \u0111\u1ed3ng th\u1eddi c\u1ee7a c\u00e1c h\u1ee3p ph\u1ea7n m\u00f4i tr\u01b0\u1eddng x\u00e1c \u0111\u1ecbnh theo c\u00f4ng th\u1ee9c:<\/p>\n\n\n\n<p>&nbsp;&nbsp;&nbsp;&nbsp;SSI<sub>kli<\/sub> = SS<sub>kli<\/sub> x h<sub>2<\/sub> , (3)<\/p>\n\n\n\n<p>trong \u0111\u00f3:&nbsp;&nbsp;&nbsp;&nbsp;&nbsp;&nbsp;&nbsp; &nbsp; &nbsp; &nbsp; &nbsp; &nbsp; &nbsp; &nbsp; &nbsp; &nbsp; &nbsp; &nbsp; &nbsp; &nbsp; &nbsp; &nbsp; &nbsp; &nbsp; &nbsp; &nbsp; &nbsp; &nbsp;<\/p>\n\n\n\n<figure class=\"wp-block-image size-full is-resized\"><img loading=\"lazy\" decoding=\"async\" width=\"615\" height=\"115\" src=\"https:\/\/cenre.org\/wp-content\/uploads\/2026\/01\/image.png\" alt=\"\" class=\"wp-image-48\" style=\"width:433px;height:auto\" srcset=\"https:\/\/cenre.org\/wp-content\/uploads\/2026\/01\/image.png 615w, https:\/\/cenre.org\/wp-content\/uploads\/2026\/01\/image-300x56.png 300w, https:\/\/cenre.org\/wp-content\/uploads\/2026\/01\/image-18x3.png 18w\" sizes=\"auto, (max-width: 615px) 100vw, 615px\" \/><\/figure>\n\n\n\n<p>h<sub>2<\/sub> l\u00e0 h\u1ec7 s\u1ed1, l\u1ef1a ch\u1ecdn sao cho max(SSI<sub>ilk<\/sub>) c\u00f3 gi\u00e1 tr\u1ecb b\u1eb1ng 9.<\/p>\n\n\n\n<p>Thang ph\u00e2n c\u1ea5p ch\u1ec9 s\u1ed1 nh\u1ea1y c\u1ea3m m\u00f4i tr\u01b0\u1eddng v\u00e0 nh\u1ea1y c\u1ea3m m\u00f4i tr\u01b0\u1eddng t\u1ed5ng h\u1ee3p c\u1ee7a c\u00e1c \u0111\u01a1n v\u1ecb sinh th\u00e1i \u0111\u01b0\u1ee3c chia th\u00e0nh 5 c\u1ea5p:&nbsp;<\/p>\n\n\n\n<ul class=\"wp-block-list\">\n<li>C\u1ea5p 1: 0 \u2264 SI (ho\u1eb7c SSI) &lt; 1 : Nh\u1ea1y c\u1ea3m r\u1ea5t th\u1ea5p<\/li>\n\n\n\n<li>C\u1ea5p 2: 1 \u2264 SI (ho\u1eb7c SSI)&nbsp; &lt; 3 : Nh\u1ea1y c\u1ea3m th\u1ea5p<\/li>\n\n\n\n<li>C\u1ea5p 3: 3 \u2264 SI (ho\u1eb7c SSI)&nbsp; &lt; 5 : Nh\u1ea1y c\u1ea3m trung b\u00ecnh<\/li>\n\n\n\n<li>C\u1ea5p 4: 5 \u2264 SI (ho\u1eb7c SSI)&nbsp; &lt; 7 : Nh\u1ea1y c\u1ea3m cao<\/li>\n\n\n\n<li>C\u1ea5p 5: 7 \u2264 SI (ho\u1eb7c SSI)&nbsp; \u2264 9 : Nh\u1ea1y c\u1ea3m r\u1ea5t cao.<\/li>\n<\/ul>\n\n\n\n<p>Nh\u1eadp gi\u00e1 tr\u1ecb ch\u1ec9 s\u1ed1 nh\u1ea1y c\u1ea3m c\u00e1c m\u00f4i tr\u01b0\u1eddng t\u1ed5ng h\u1ee3p c\u1ee7a c\u00e1c \u0111\u01a1n v\u1ecb sinh th\u00e1i v\u00e0o b\u1ea3n \u0111\u1ed3 sinh th\u00e1i \u1ee9ng d\u1ee5ng. Bi\u1ec3u th\u1ecb c\u00e1c gam m\u00e0u (theo m\u1ee9c \u0111\u1ed9 nh\u1ea1y c\u1ea3m m\u00f4i tr\u01b0\u1eddng) v\u00e0 bi\u00ean t\u1eadp b\u1ea3n \u0111\u1ed3 chuy\u00ean \u0111\u1ec1. Chu\u1ea9n ho\u00e1 h\u1ec7 th\u1ed1ng b\u1ea3n \u0111\u1ed3 chuy\u00ean \u0111\u1ec1 theo quy \u0111\u1ecbnh hi\u1ec7n h\u00e0nh, s\u1ea3n ph\u1ea9m l\u00e0 m\u1ed9t c\u01a1 s\u1edf d\u1eef li\u1ec7u nh\u1ea1y c\u1ea3m m\u00f4i tr\u01b0\u1eddng t\u1ed5ng h\u1ee3p<\/p>\n\n\n\n<p><strong>3. HI\u1ec6U QU\u1ea2 V\u1ec0 KINH T\u1ebe &#8211; X\u00c3 H\u1ed8I V\u00c0 M\u00d4I TR\u01af\u1edcNG&nbsp;<\/strong><\/p>\n\n\n\n<p>C\u01a1 s\u1edf d\u1eef li\u1ec7u nh\u1ea1y c\u1ea3m m\u00f4i tr\u01b0\u1eddng t\u1ed5ng h\u1ee3p, k\u1ec3 c\u1ea3 nh\u1ea1y c\u1ea3m c\u1ee7a t\u1eebng h\u1ee3p ph\u1ea7n m\u00f4i tr\u01b0\u1eddng, c\u00f3 nh\u1eefng ch\u1ee9c n\u0103ng c\u01a1 b\u1ea3n nh\u01b0:<\/p>\n\n\n\n<ol class=\"wp-block-list\">\n<li>Hi\u1ec7u qu\u1ea3 th\u00f4ng tin: Cho m\u1ed9t c\u00e1i nh\u00ecn t\u1ed5ng quan v\u1ec1 m\u00f4i tr\u01b0\u1eddng, gi\u1ea3m s\u1ed1 l\u01b0\u1ee3ng c\u00e1c \u0111o l\u01b0\u1eddng v\u00e0 c\u00e1c th\u00f4ng s\u1ed1 \u0111\u1ec3 tr\u00ecnh b\u00e0y hi\u1ec7n tr\u1ea1ng m\u00f4i tr\u01b0\u1eddng;<\/li>\n\n\n\n<li>\u0110\u01a1n gi\u1ea3n h\u00f3a th\u00f4ng tin: L\u00e0m \u0111\u01a1n gi\u1ea3n h\u00f3a qu\u00e1 tr\u00ecnh giao ti\u1ebfp th\u00f4ng tin v\u00e0 th\u00f4ng qua ch\u00fang, c\u00e1c k\u1ebft qu\u1ea3 \u0111o l\u01b0\u1eddng \u0111\u01b0\u1ee3c cung c\u1ea5p cho ng\u01b0\u1eddi s\u1eed d\u1ee5ng;<\/li>\n\n\n\n<li>Ph\u00f2ng ng\u1eeba: T\u00f3m l\u01b0\u1ee3c hi\u1ec7n tr\u1ea1ng m\u00f4i tr\u01b0\u1eddng hi\u1ec7n t\u1ea1i, l\u00e0m gia t\u0103ng s\u1ef1 quan t\u00e2m c\u1ee7a l\u00e3nh \u0111\u1ea1o \u0111\u1ed1i v\u1edbi m\u00f4i tr\u01b0\u1eddng nh\u1eb1m ph\u00f2ng ng\u1eeba s\u1ef1 thay \u0111\u1ed5i c\u00e1c t\u00ecnh tr\u1ea1ng m\u00f4i tr\u01b0\u1eddng;<\/li>\n\n\n\n<li>Quy\u1ebft \u0111\u1ecbnh: Thay \u0111\u1ed5i h\u00e0nh vi, \u0111\u1ecbnh h\u01b0\u1edbng h\u00e0nh \u0111\u1ed9ng, t\u1eadp trung v\u00e0o s\u1ef1 ph\u00e1t tri\u1ec3n b\u1ec1n v\u1eefng h\u01a1n l\u00e0 v\u00e0o t\u0103ng tr\u01b0\u1edfng kinh t\u1ebf thu\u1ea7n t\u00fay, t\u1eeb \u0111\u00f3 h\u1ecdach \u0111\u1ecbnh m\u1ed9t m\u00f4i tr\u01b0\u1eddng b\u1ec1n v\u1eefng trong t\u01b0\u01a1ng lai.<\/li>\n<\/ol>\n\n\n\n<p>V\u1edbi nh\u1eefng ch\u1ee9c n\u0103ng nh\u01b0 tr\u00ean. c\u01a1 s\u1edf d\u1eef li\u1ec7u nh\u1ea1y c\u1ea3m m\u00f4i tr\u01b0\u1eddng t\u1ed5ng h\u1ee3p to\u00e0n qu\u1ed1c g\u00f3p ph\u1ea7n ph\u1ee5c v\u1ee5 c\u00f4ng t\u00e1c qu\u1ea3n l\u00fd nh\u00e0 n\u01b0\u1edbc v\u1ec1 m\u00f4i tr\u01b0\u1eddng, gi\u00fap cho vi\u1ec7c ph\u00f2ng tr\u00e1nh, ng\u0103n ng\u1eeba v\u00e0 gi\u1ea3m thi\u1ec3u nh\u1eefng t\u00e1c \u0111\u1ed9ng x\u1ea5u c\u1ee7a c\u00e1c y\u1ebfu t\u1ed1 m\u00f4i tr\u01b0\u1eddng do thi\u00ean tai, bi\u1ebfn \u0111\u1ed5i kh\u00ed h\u1eadu v\u00e0 do t\u00e1c nh\u00e2n con ng\u01b0\u1eddi g\u00e2y ra, \u1ea3nh h\u01b0\u1edfng \u0111\u1ebfn \u0111\u1eddi s\u1ed1ng x\u00e3 h\u1ed9i, t\u00ednh m\u1ea1ng v\u00e0 t\u00e0i s\u1ea3n c\u1ee7a con ng\u01b0\u1eddi, c\u0169ng nh\u01b0 b\u1ea3o \u0111\u1ea3m cho vi\u1ec7c ph\u00e1t tri\u1ec3n b\u1ec1n v\u1eefng kinh t\u1ebf &#8211; x\u00e3 h\u1ed9i v\u00e0 m\u00f4i tr\u01b0\u1eddng \u1edf n\u01b0\u1edbc ta.<\/p>","protected":false},"excerpt":{"rendered":"<p>TS Nguy\u1ec5n D\u01b0 Khang T\u00f3m t\u1eaft: T\u00e1c \u0111\u1ed9ng manh m\u1ebd c\u1ee7a thi\u00ean tai v\u00e0 bi\u1ebfn \u0111\u1ed5i to\u00e0n c\u1ea7u c\u00f9ng nh\u1eefng h\u1ec7 l\u1ee5y c\u1ee7a qu\u00e1 tr\u00ecnh ph\u00e1t tri\u1ec3n kinh t\u1ebf x\u00e3 h\u1ed9i \u0111\u00e3 g\u00e2y n\u00ean c\u00e1c hi\u1ec3m h\u1ecda m\u00f4i tr\u01b0\u1eddng \u0111e d\u1ecda \u0111\u1eddi s\u1ed1ng x\u00e3 h\u1ed9i, t\u00ednh m\u1ea1ng v\u00e0 t\u00e0i s\u1ea3n c\u1ee7a con ng\u01b0\u1eddi. Trong t\u00ecnh&#8230;<\/p>","protected":false},"author":1,"featured_media":0,"parent":14,"menu_order":0,"comment_status":"closed","ping_status":"closed","template":"","meta":{"_kadence_starter_templates_imported_post":false,"_kad_post_transparent":"","_kad_post_title":"","_kad_post_layout":"","_kad_post_sidebar_id":"","_kad_post_content_style":"","_kad_post_vertical_padding":"","_kad_post_feature":"","_kad_post_feature_position":"","_kad_post_header":false,"_kad_post_footer":false,"_kad_post_classname":"","footnotes":""},"class_list":["post-15","page","type-page","status-publish","hentry"],"_hostinger_reach_plugin_has_subscription_block":false,"_hostinger_reach_plugin_is_elementor":false,"_links":{"self":[{"href":"https:\/\/cenre.org\/en\/wp-json\/wp\/v2\/pages\/15","targetHints":{"allow":["GET"]}}],"collection":[{"href":"https:\/\/cenre.org\/en\/wp-json\/wp\/v2\/pages"}],"about":[{"href":"https:\/\/cenre.org\/en\/wp-json\/wp\/v2\/types\/page"}],"author":[{"embeddable":true,"href":"https:\/\/cenre.org\/en\/wp-json\/wp\/v2\/users\/1"}],"replies":[{"embeddable":true,"href":"https:\/\/cenre.org\/en\/wp-json\/wp\/v2\/comments?post=15"}],"version-history":[{"count":8,"href":"https:\/\/cenre.org\/en\/wp-json\/wp\/v2\/pages\/15\/revisions"}],"predecessor-version":[{"id":161,"href":"https:\/\/cenre.org\/en\/wp-json\/wp\/v2\/pages\/15\/revisions\/161"}],"up":[{"embeddable":true,"href":"https:\/\/cenre.org\/en\/wp-json\/wp\/v2\/pages\/14"}],"wp:attachment":[{"href":"https:\/\/cenre.org\/en\/wp-json\/wp\/v2\/media?parent=15"}],"curies":[{"name":"wp","href":"https:\/\/api.w.org\/{rel}","templated":true}]}}