{"id":189,"date":"2026-02-06T16:27:48","date_gmt":"2026-02-06T09:27:48","guid":{"rendered":"https:\/\/cenre.org\/?page_id=189"},"modified":"2026-02-06T16:27:49","modified_gmt":"2026-02-06T09:27:49","slug":"du-an-trien-khai-san-xuat-tong-hop-ve-xu-ly-che-bien-tai-nguyen-thien-nhien","status":"publish","type":"page","link":"https:\/\/cenre.org\/en\/du-an-trien-khai-san-xuat-tong-hop-ve-xu-ly-che-bien-tai-nguyen-thien-nhien\/","title":{"rendered":"Implementing integrated production in the processing and treatment of natural resources."},"content":{"rendered":"<div data-wp-interactive=\"core\/file\" class=\"wp-block-file\"><object data-wp-bind--hidden=\"!state.hasPdfPreview\" hidden class=\"wp-block-file__embed\" data=\"https:\/\/cenre.org\/wp-content\/uploads\/2026\/02\/DU_AN.pdf\" type=\"application\/pdf\" style=\"width:100%;height:600px\" aria-label=\"Embed of D\u1ef1 \u00e1n tri\u1ec3n khai s\u1ea3n xu\u1ea5t t\u1ed5ng h\u1ee3p v\u1ec1 x\u1eed l\u00fd, ch\u1ebf bi\u1ebfn t\u00e0i nguy\u00ean thi\u00ean nhi\u00ean.pdf.\"><\/object><a id=\"wp-block-file--media-cc31d558-e4a8-4c1d-8d4d-c7f9717b2c7e\" href=\"https:\/\/cenre.org\/wp-content\/uploads\/2026\/02\/DU_AN.pdf\">Implementing integrated production in the processing and treatment of natural resources.<\/a><a href=\"https:\/\/cenre.org\/wp-content\/uploads\/2026\/02\/DU_AN.pdf\" class=\"wp-block-file__button wp-element-button\" download aria-describedby=\"wp-block-file--media-cc31d558-e4a8-4c1d-8d4d-c7f9717b2c7e\">Download<\/a><\/div>\n\n\n\n<p><\/p>","protected":false},"excerpt":{"rendered":"","protected":false},"author":1,"featured_media":0,"parent":0,"menu_order":0,"comment_status":"closed","ping_status":"closed","template":"","meta":{"_kadence_starter_templates_imported_post":false,"_kad_post_transparent":"","_kad_post_title":"","_kad_post_layout":"","_kad_post_sidebar_id":"","_kad_post_content_style":"","_kad_post_vertical_padding":"","_kad_post_feature":"","_kad_post_feature_position":"","_kad_post_header":false,"_kad_post_footer":false,"_kad_post_classname":"","footnotes":""},"class_list":["post-189","page","type-page","status-publish","hentry"],"_hostinger_reach_plugin_has_subscription_block":false,"_hostinger_reach_plugin_is_elementor":false,"_links":{"self":[{"href":"https:\/\/cenre.org\/en\/wp-json\/wp\/v2\/pages\/189","targetHints":{"allow":["GET"]}}],"collection":[{"href":"https:\/\/cenre.org\/en\/wp-json\/wp\/v2\/pages"}],"about":[{"href":"https:\/\/cenre.org\/en\/wp-json\/wp\/v2\/types\/page"}],"author":[{"embeddable":true,"href":"https:\/\/cenre.org\/en\/wp-json\/wp\/v2\/users\/1"}],"replies":[{"embeddable":true,"href":"https:\/\/cenre.org\/en\/wp-json\/wp\/v2\/comments?post=189"}],"version-history":[{"count":1,"href":"https:\/\/cenre.org\/en\/wp-json\/wp\/v2\/pages\/189\/revisions"}],"predecessor-version":[{"id":191,"href":"https:\/\/cenre.org\/en\/wp-json\/wp\/v2\/pages\/189\/revisions\/191"}],"wp:attachment":[{"href":"https:\/\/cenre.org\/en\/wp-json\/wp\/v2\/media?parent=189"}],"curies":[{"name":"wp","href":"https:\/\/api.w.org\/{rel}","templated":true}]}}