{"id":199,"date":"2026-05-04T21:41:06","date_gmt":"2026-05-04T14:41:06","guid":{"rendered":"https:\/\/cenre.org\/?page_id=199"},"modified":"2026-05-05T13:42:07","modified_gmt":"2026-05-05T06:42:07","slug":"ho-so-con-co","status":"publish","type":"page","link":"https:\/\/cenre.org\/en\/ho-so-con-co\/","title":{"rendered":"D\u1ef1 \u00e1n: Th\u00ed \u0111i\u1ec3m c\u00e1c gi\u1ea3i ph\u00e1p qu\u1ea3n l\u00fd ch\u1ea5t th\u1ea3i r\u1eafn t\u1ed5ng h\u1ee3p c\u00f3 kh\u1ea3 n\u0103ng nh\u00e2n r\u1ed9ng t\u1ea1i \u0111\u1ea3o C\u1ed3n C\u1ecf, t\u1ec9nh Qu\u1ea3ng Tr\u1ecb, Vi\u1ec7t Nam"},"content":{"rendered":"<p><\/p>\n\n\n\n<div class=\"wp-block-file\"><a id=\"wp-block-file--media-702051bf-f90e-4326-b26a-06faa9086a27\" href=\"https:\/\/cenre.org\/wp-content\/uploads\/2026\/05\/II.-BiaMuc-luc-Van-kien.pdf\">1. B\u00eca+M\u1ee5c l\u1ee5c V\u0103n ki\u1ec7n.pdf<\/a><\/div>\n\n\n\n<div class=\"wp-block-file\"><a id=\"wp-block-file--media-1e15ccce-1bf4-4d2f-8021-5bdca2ea74fa\" href=\"https:\/\/cenre.org\/wp-content\/uploads\/2026\/05\/II.-Van-kien-trinh-LHH.pdf\">2. V\u0103n ki\u1ec7n tr\u00ecnh LHH.pdf<\/a><\/div>\n\n\n\n<div class=\"wp-block-file\"><a id=\"wp-block-file--media-975b10c6-a3c1-4e9f-9787-8199c6a03f19\" href=\"https:\/\/cenre.org\/wp-content\/uploads\/2026\/05\/III.Ngan-sach-du-an.xlsx\">3. Ng\u00e2n s\u00e1ch d\u1ef1 \u00e1n.xlsx<\/a><\/div>\n\n\n\n<div class=\"wp-block-file\"><a id=\"wp-block-file--media-869b0c0c-6536-4bd3-89c7-6ce29cb5ac93\" href=\"https:\/\/cenre.org\/wp-content\/uploads\/2026\/05\/IV.-Ban-dich-Thoa-thuan-SSFA-2.pdf\">4. B\u1ea3n d\u1ecbch Th\u1ecfa thu\u1eadn SSFA.pdf<\/a><\/div>\n\n\n\n<div class=\"wp-block-file\"><a id=\"wp-block-file--media-dc22bd19-2324-46ee-97b3-89c3db34b056\" href=\"https:\/\/cenre.org\/wp-content\/uploads\/2026\/05\/IV.-Phu-luc-A-Ban-dich-Thoa-thuan-SSFA-2.pdf\">4.1. B\u1ea3n d\u1ecbch Th\u1ecfa thu\u1eadn SSFA &#8211; Ph\u1ee5 l\u1ee5c A.pdf<\/a><\/div>\n\n\n\n<div class=\"wp-block-file\"><a id=\"wp-block-file--media-47ed971b-8906-4e45-accb-f5eb4c686d53\" href=\"https:\/\/cenre.org\/wp-content\/uploads\/2026\/05\/IV.-Phu-luc-B-Ban-dich-Thoa-thuan-SSFA.pdf\">4.2. B\u1ea3n d\u1ecbch Th\u1ecfa thu\u00e2n SSFA &#8211; Ph\u1ee5 l\u1ee5c B.pdf<\/a><\/div>\n\n\n\n<div class=\"wp-block-file\"><a id=\"wp-block-file--media-6f1b753d-cc99-4f48-b38c-2a3873b6f896\" href=\"https:\/\/cenre.org\/wp-content\/uploads\/2026\/05\/V.Ban-goc-Thoa-thuan-SSFA.pdf\">5. B\u1ea3n g\u1ed1c Th\u1ecfa thu\u1eadn SSFA.pdf<\/a><\/div>\n\n\n\n<div class=\"wp-block-file\"><a id=\"wp-block-file--media-9899e450-fdb3-4726-8aff-e73ac226e78b\" href=\"https:\/\/cenre.org\/wp-content\/uploads\/2026\/05\/Email-from-Hyunjeong.pdf\">6. Email gia h\u1ea1n DA Hyunjeong Jin<\/a><\/div>\n\n\n\n<div class=\"wp-block-file\"><a id=\"wp-block-file--media-548f59a3-b7a2-4b11-850c-52738e459528\" href=\"https:\/\/cenre.org\/wp-content\/uploads\/2026\/05\/VII.-Scaned-QD-thanhlapCenRE.pdf\">7. Quy\u1ebft \u0111\u1ecbnh th\u00e0nh l\u1eadp CenRE.pdf<\/a><\/div>\n\n\n\n<div class=\"wp-block-file\"><a id=\"wp-block-file--media-099862ad-ec9a-4001-9a91-445cdc05742e\" href=\"https:\/\/cenre.org\/wp-content\/uploads\/2026\/05\/VIII.Scaned-Giaychungnhanhoatdong_CenRE.pdf\">8. Gi\u1ea5y ch\u1ee9ng nh\u1eadn ho\u1ea1t \u0111\u1ed9ng CenRE.pdf<\/a><\/div>","protected":false},"excerpt":{"rendered":"","protected":false},"author":1,"featured_media":0,"parent":0,"menu_order":0,"comment_status":"closed","ping_status":"closed","template":"","meta":{"_kadence_starter_templates_imported_post":false,"_kad_post_transparent":"","_kad_post_title":"","_kad_post_layout":"","_kad_post_sidebar_id":"","_kad_post_content_style":"","_kad_post_vertical_padding":"","_kad_post_feature":"","_kad_post_feature_position":"","_kad_post_header":false,"_kad_post_footer":false,"_kad_post_classname":"","footnotes":""},"class_list":["post-199","page","type-page","status-publish","hentry"],"_hostinger_reach_plugin_has_subscription_block":false,"_hostinger_reach_plugin_is_elementor":false,"_links":{"self":[{"href":"https:\/\/cenre.org\/en\/wp-json\/wp\/v2\/pages\/199","targetHints":{"allow":["GET"]}}],"collection":[{"href":"https:\/\/cenre.org\/en\/wp-json\/wp\/v2\/pages"}],"about":[{"href":"https:\/\/cenre.org\/en\/wp-json\/wp\/v2\/types\/page"}],"author":[{"embeddable":true,"href":"https:\/\/cenre.org\/en\/wp-json\/wp\/v2\/users\/1"}],"replies":[{"embeddable":true,"href":"https:\/\/cenre.org\/en\/wp-json\/wp\/v2\/comments?post=199"}],"version-history":[{"count":16,"href":"https:\/\/cenre.org\/en\/wp-json\/wp\/v2\/pages\/199\/revisions"}],"predecessor-version":[{"id":241,"href":"https:\/\/cenre.org\/en\/wp-json\/wp\/v2\/pages\/199\/revisions\/241"}],"wp:attachment":[{"href":"https:\/\/cenre.org\/en\/wp-json\/wp\/v2\/media?parent=199"}],"curies":[{"name":"wp","href":"https:\/\/api.w.org\/{rel}","templated":true}]}}