{"id":76,"date":"2026-01-04T13:47:12","date_gmt":"2026-01-04T06:47:12","guid":{"rendered":"https:\/\/cenre.org\/?page_id=76"},"modified":"2026-01-05T22:02:20","modified_gmt":"2026-01-05T15:02:20","slug":"ve-chung-toi","status":"publish","type":"page","link":"https:\/\/cenre.org\/en\/","title":{"rendered":"About Us"},"content":{"rendered":"<div class=\"wp-block-image\">\n<figure class=\"aligncenter size-full is-resized\"><img loading=\"lazy\" decoding=\"async\" width=\"1200\" height=\"628\" src=\"https:\/\/cenre.org\/wp-content\/uploads\/2026\/01\/IMG_20260105_211601.jpg\" alt=\"\" class=\"wp-image-176\" style=\"width:696px;height:auto\" srcset=\"https:\/\/cenre.org\/wp-content\/uploads\/2026\/01\/IMG_20260105_211601.jpg 1200w, https:\/\/cenre.org\/wp-content\/uploads\/2026\/01\/IMG_20260105_211601-300x157.jpg 300w, https:\/\/cenre.org\/wp-content\/uploads\/2026\/01\/IMG_20260105_211601-1024x536.jpg 1024w, https:\/\/cenre.org\/wp-content\/uploads\/2026\/01\/IMG_20260105_211601-768x402.jpg 768w, https:\/\/cenre.org\/wp-content\/uploads\/2026\/01\/IMG_20260105_211601-18x9.jpg 18w\" sizes=\"auto, (max-width: 1200px) 100vw, 1200px\" \/><\/figure>\n<\/div>\n\n\n<ul class=\"wp-block-list\">\n<li>Conduct scientific research and implement research topics and projects on: land management; water resource management; geology and minerals; environment; meteorology and hydrology, climate change; borders and islands; surveying, mapping, and geographic information systems; remote sensing; and information technology<\/li>\n\n\n\n<li>Produce products based on scientific research results and technological advancements in processing and exploiting natural resources<\/li>\n\n\n\n<li>Science and Technology Services:\n\nApplication and transfer of research results and scientific-technological advancements.\n\nPreparation and evaluation of environmental impact assessments for projects and schemes in the fields of natural resources and environment.\n\nInvestment consulting and scientific expert appraisal.\n\nOrganization of scientific conferences, workshops, and training programs to enhance professional expertise in the aforementioned research fields.<\/li>\n\n\n\n<li>Establish cooperation with domestic and international organizations and individuals to accomplish the Center's missions.<\/li>\n<\/ul>\n\n\n<figure class=\"wp-block-post-featured-image\"><img loading=\"lazy\" decoding=\"async\" width=\"800\" height=\"500\" src=\"https:\/\/cenre.org\/wp-content\/uploads\/2026\/01\/ks.jpg\" class=\"attachment-post-thumbnail size-post-thumbnail wp-post-image\" alt=\"\" style=\"object-fit:cover;\" srcset=\"https:\/\/cenre.org\/wp-content\/uploads\/2026\/01\/ks.jpg 800w, https:\/\/cenre.org\/wp-content\/uploads\/2026\/01\/ks-300x188.jpg 300w, https:\/\/cenre.org\/wp-content\/uploads\/2026\/01\/ks-768x480.jpg 768w, https:\/\/cenre.org\/wp-content\/uploads\/2026\/01\/ks-18x12.jpg 18w\" sizes=\"auto, (max-width: 800px) 100vw, 800px\" \/><\/figure>\n\n\n<div class=\"wp-block-group is-content-justification-center is-nowrap is-layout-flex wp-container-core-group-is-layout-94bc23d7 wp-block-group-is-layout-flex\">\n<div class=\"wp-block-columns is-layout-flex wp-container-core-columns-is-layout-9d6595d7 wp-block-columns-is-layout-flex\">\n<div class=\"wp-block-column is-layout-flow wp-block-column-is-layout-flow\" style=\"flex-basis:100%\">\n<figure class=\"wp-block-embed alignleft is-type-wp-embed is-provider-trung-t-m-ng-d-ng-c-ng-ngh-v-t-i-nguy-n-v-m-i-tr-ng-cenre wp-block-embed-trung-t-m-ng-d-ng-c-ng-ngh-v-t-i-nguy-n-v-m-i-tr-ng-cenre\"><div class=\"wp-block-embed__wrapper\">\n<blockquote class=\"wp-embedded-content\" data-secret=\"ksG1btESeF\"><a href=\"https:\/\/cenre.org\/en\/thu-vien\/nhay-cam-moi-truong\/\">The necessity and scientific basis for building national integrated databases of environmental sensitivity<\/a><\/blockquote><iframe loading=\"lazy\" class=\"wp-embedded-content\" sandbox=\"allow-scripts\" security=\"restricted\" style=\"position: absolute; visibility: hidden;\" title=\"&#8220;S\u1ef1 c\u1ea7n thi\u1ebft v\u00e0 c\u01a1 s\u1edf khoa h\u1ecdc x\u00e2y d\u1ef1ng c\u01a1 s\u1edf d\u1eef li\u1ec7u nh\u1ea1y c\u1ea3m m\u00f4i tr\u01b0\u1eddng t\u1ed5ng h\u1ee3p to\u00e0n qu\u1ed1c&#8221; &#8212; Trung t\u00e2m \u1ee8ng d\u1ee5ng c\u00f4ng ngh\u1ec7 v\u1ec1 t\u00e0i nguy\u00ean v\u00e0 m\u00f4i tr\u01b0\u1eddng (CenRE)\" src=\"https:\/\/cenre.org\/thu-vien\/nhay-cam-moi-truong\/embed\/#?secret=R2Z5aFbfuv#?secret=ksG1btESeF\" data-secret=\"ksG1btESeF\" width=\"600\" height=\"338\" frameborder=\"0\" marginwidth=\"0\" marginheight=\"0\" scrolling=\"no\"><\/iframe>\n<\/div><\/figure>\n<\/div>\n<\/div>\n\n\n\n<div class=\"wp-block-columns is-layout-flex wp-container-core-columns-is-layout-9d6595d7 wp-block-columns-is-layout-flex\">\n<div class=\"wp-block-column is-layout-flow wp-block-column-is-layout-flow\" style=\"flex-basis:100%\">\n<figure class=\"wp-block-embed alignright is-type-wp-embed is-provider-trung-t-m-ng-d-ng-c-ng-ngh-v-t-i-nguy-n-v-m-i-tr-ng-cenre wp-block-embed-trung-t-m-ng-d-ng-c-ng-ngh-v-t-i-nguy-n-v-m-i-tr-ng-cenre\"><div class=\"wp-block-embed__wrapper\">\n<blockquote class=\"wp-embedded-content\" data-secret=\"0EhtH3QSve\"><a href=\"https:\/\/cenre.org\/en\/thu-vien\/vien-tham-nong-nghiep\/\">The role of remote sensing in high-tech agriculture.<\/a><\/blockquote><iframe loading=\"lazy\" class=\"wp-embedded-content\" sandbox=\"allow-scripts\" security=\"restricted\" style=\"position: absolute; visibility: hidden;\" title=\"&#8220;Vai tr\u00f2 c\u1ee7a vi\u1ec5n th\u00e1m trong n\u00f4ng nghi\u1ec7p c\u00f4ng ngh\u1ec7 cao&#8221; &#8212; Trung t\u00e2m \u1ee8ng d\u1ee5ng c\u00f4ng ngh\u1ec7 v\u1ec1 t\u00e0i nguy\u00ean v\u00e0 m\u00f4i tr\u01b0\u1eddng (CenRE)\" src=\"https:\/\/cenre.org\/thu-vien\/vien-tham-nong-nghiep\/embed\/#?secret=zuC7Bic8gQ#?secret=0EhtH3QSve\" data-secret=\"0EhtH3QSve\" width=\"600\" height=\"338\" frameborder=\"0\" marginwidth=\"0\" marginheight=\"0\" scrolling=\"no\"><\/iframe>\n<\/div><\/figure>\n<\/div>\n<\/div>\n<\/div>\n\n\n\n<p><\/p>","protected":false},"excerpt":{"rendered":"","protected":false},"author":1,"featured_media":87,"parent":0,"menu_order":0,"comment_status":"closed","ping_status":"closed","template":"","meta":{"_kadence_starter_templates_imported_post":false,"_kad_post_transparent":"","_kad_post_title":"","_kad_post_layout":"","_kad_post_sidebar_id":"","_kad_post_content_style":"","_kad_post_vertical_padding":"","_kad_post_feature":"","_kad_post_feature_position":"","_kad_post_header":false,"_kad_post_footer":false,"_kad_post_classname":"","footnotes":""},"class_list":["post-76","page","type-page","status-publish","has-post-thumbnail","hentry"],"_hostinger_reach_plugin_has_subscription_block":false,"_hostinger_reach_plugin_is_elementor":false,"_links":{"self":[{"href":"https:\/\/cenre.org\/en\/wp-json\/wp\/v2\/pages\/76","targetHints":{"allow":["GET"]}}],"collection":[{"href":"https:\/\/cenre.org\/en\/wp-json\/wp\/v2\/pages"}],"about":[{"href":"https:\/\/cenre.org\/en\/wp-json\/wp\/v2\/types\/page"}],"author":[{"embeddable":true,"href":"https:\/\/cenre.org\/en\/wp-json\/wp\/v2\/users\/1"}],"replies":[{"embeddable":true,"href":"https:\/\/cenre.org\/en\/wp-json\/wp\/v2\/comments?post=76"}],"version-history":[{"count":19,"href":"https:\/\/cenre.org\/en\/wp-json\/wp\/v2\/pages\/76\/revisions"}],"predecessor-version":[{"id":187,"href":"https:\/\/cenre.org\/en\/wp-json\/wp\/v2\/pages\/76\/revisions\/187"}],"wp:featuredmedia":[{"embeddable":true,"href":"https:\/\/cenre.org\/en\/wp-json\/wp\/v2\/media\/87"}],"wp:attachment":[{"href":"https:\/\/cenre.org\/en\/wp-json\/wp\/v2\/media?parent=76"}],"curies":[{"name":"wp","href":"https:\/\/api.w.org\/{rel}","templated":true}]}}